{"id":503,"date":"2025-04-02T09:25:51","date_gmt":"2025-04-02T07:25:51","guid":{"rendered":"https:\/\/dev06.amaroo.si\/pravna-obavijest\/"},"modified":"2025-05-30T13:02:07","modified_gmt":"2025-05-30T11:02:07","slug":"pravno-obavjestenje","status":"publish","type":"page","link":"https:\/\/impact4values.eu\/hr\/pravno-obavjestenje\/","title":{"rendered":"Pravno obavje\u0161tenje"},"content":{"rendered":"<p>[et_pb_section fb_built=&#8221;1&#8243; admin_label=&#8221;Work Experience&#8221; _builder_version=&#8221;4.27.4&#8243; _module_preset=&#8221;default&#8221; custom_margin=&#8221;0px||0px||false|false&#8221; custom_padding=&#8221;0px||0px||false|false&#8221; collapsed=&#8221;off&#8221; global_colors_info=&#8221;{}&#8221;][et_pb_row _builder_version=&#8221;4.27.4&#8243; _module_preset=&#8221;default&#8221; custom_margin=&#8221;0px||0px||true|false&#8221; custom_padding=&#8221;50px||||false|false&#8221; global_colors_info=&#8221;{}&#8221;][et_pb_column type=&#8221;4_4&#8243; _builder_version=&#8221;4.25.0&#8243; _module_preset=&#8221;default&#8221; global_colors_info=&#8221;{}&#8221;][et_pb_heading title=&#8221;Pravno obavje\u0161tenje&#8221; _builder_version=&#8221;4.27.4&#8243; _module_preset=&#8221;f1f4ac95-3bee-4d4f-a1f0-6a83854509dc&#8221; title_font=&#8221;Montserrat|600|||||||&#8221; title_font_size=&#8221;40px&#8221; title_letter_spacing=&#8221;0em&#8221; custom_margin=&#8221;0px||||false|false&#8221; title_font_size_phone=&#8221;24px&#8221; global_colors_info=&#8221;{}&#8221;][\/et_pb_heading][et_pb_text _builder_version=&#8221;4.27.4&#8243; _module_preset=&#8221;default&#8221; text_font=&#8221;Montserrat||||||||&#8221; text_text_color=&#8221;#333333&#8243; text_font_size=&#8221;18px&#8221; link_font=&#8221;Montserrat|600|||||||&#8221; link_text_color=&#8221;#034ea2&#8243; hover_enabled=&#8221;0&#8243; global_colors_info=&#8221;{}&#8221; sticky_enabled=&#8221;0&#8243;]<\/p>\n<h2>1. OP\u0106E ODREDBE<\/h2>\n<p>Vlasnik web stranice i domene \u00bbimpact4values.eu\u00ab (u nastavku: web stranica) je Zavod Center za informiranje, suradnju i razvoj nevladinih organizacija, Pov\u0161etova 37, 1000 Ljubljana; mati\u010dni broj: 1663364 (u nastavku: CNVOS).<\/p>\n<p>Kori\u0161tenje web stranice (pregledavanje, otvaranje poveznica, \u010ditanje sadr\u017eaja i sl.) te <strong>kori\u0161tenje alata dostupnih putem web stranice<\/strong> (npr. pregledavanje materijala, prijava na te\u010daj, pregled videozapisa i sl.) <strong>smatra se pristankom posjetitelja na ove op\u0107e uvjete kori\u0161tenja<\/strong>. Ako se s uvjetima ne sla\u017eete, molimo da ne koristite web stranicu. <\/p>\n<p>Zadr\u017eavamo pravo izmjene ovih op\u0107ih uvjeta kori\u0161tenja u bilo kojem trenutku bez prethodne obavijesti objavom nove verzije na web stranici. Verzija uvjeta je vidljiva putem datuma posljednje izmjene, koji se nalazi na dnu dokumenta. <\/p>\n<p>Ovi op\u0107i uvjeti primjenjuju se na cijelu web stranicu i alate dostupne putem nje.<\/p>\n<h2>2. SADR\u017dAJ I ALATI NA WEB STRANICI<\/h2>\n<p>Obavijesti, webinari, tekstovi, dokumenti i drugi sadr\u017eaji objavljeni na web stranici i u alatu \u00bbmoodle\u00ab, dostupni putem na\u0161e stranice (u nastavku: sadr\u017eaji), pripremljeni su s ciljem pru\u017eanja korisnih informacija nevladinim organizacijama (NVO) i drugim posjetiteljima. <\/p>\n<p>Web stranica se temelji na virtualnoj u\u010dionici EU vrijednosti razvijenoj u okviru programa IMPACT4VALUES. Predstavlja sredi\u0161te znanja posve\u0107eno promicanju vrijednosti EU, nude\u0107i razne resurse za razvoj organizacija civilnog dru\u0161tva. <\/p>\n<p>Zadr\u017eavamo pravo izmjene, dodavanja ili uklanjanja sadr\u017eaja ili aplikacija bez prethodne obavijesti i ne snosimo odgovornost za posljedice tih promjena.<\/p>\n<p>Na stranici se nalaze poveznice na druge web stranice. Ne mo\u017eemo utjecati na njihov sadr\u017eaj niti preuzimamo odgovornost za to\u010dnost informacija objavljenih na njima. <\/p>\n<p>Svi materijali su povezani s datumom objave, pa preporu\u010dujemo da provjerite a\u017eurnost informacija. Zbog specifi\u010dnosti sadr\u017eaja neki savjeti mo\u017eda ne\u0107e biti primjenjivi u svim slu\u010dajevima. <\/p>\n<h2>3. OGRANI\u010cENJE ODGOVORNOSTI<\/h2>\n<p>Posjetitelji koriste web stranicu i njezine sadr\u017eaje na vlastitu odgovornost.<\/p>\n<p>CNVOS ne preuzima odgovornost ako neka va\u017ena informacija bude zanemarena ili ako su objavljene neto\u010dne informacije.<\/p>\n<p>Ne odgovaramo za bilo kakvu \u0161tetu koja bi mogla nastati zbog kori\u0161tenja sadr\u017eaja, uklju\u010duju\u0107i i alate poput \u00bbmoodle\u00ab, kao ni za uspje\u0161nost njihove primjene.<\/p>\n<p>CNVOS ne odgovara za gubitak dobiti, podataka, ugleda ili druge posredne ili neposredne \u0161tete povezane s uporabom ili nemogu\u0107no\u0161\u0107u uporabe alata.  <\/p>\n<h2>4. KORI\u0160TENJE IZVORA<\/h2>\n<p>Ako koristite izvore s web stranice i alata moodle, obvezni ste navesti izvor zajedno s poveznicom na stranicu \u00bb<a href=\"https:\/\/impact4values.eu\/hr\/\">IMPACT4VALUES<\/a>\u00ab.<\/p>\n<h2>5. ZA\u0160TITA OSOBNIH PODATAKA<\/h2>\n<p>Va\u0161e osobne podatke \u0161titimo kako bismo sprije\u010dili njihovo neovla\u0161teno otkrivanje. Vi\u0161e informacija dostupno je u Informacijama o za\u0161titi osobnih podataka i kori\u0161tenju kola\u010di\u0107a. <\/p>\n<h2>6. KONTAKT PODACI<\/h2>\n<p>U slu\u010daju da primijetite gre\u0161ku, neto\u010dnost ili nea\u017eurne informacije, javite nam na <a href=\"mailto:info@cnvos.si\">info@cnvos.si<\/a> ili telefonom na <a href=\"tel:+38615421422\">+386 1 542 14 22<\/a>.<\/p>\n<p>15. svibnja 2025.<\/p>\n<p>[\/et_pb_text][\/et_pb_column][\/et_pb_row][et_pb_row column_structure=&#8221;2_3,1_3&#8243; use_custom_gutter=&#8221;on&#8221; gutter_width=&#8221;2&#8243; disabled_on=&#8221;on|on|off&#8221; _builder_version=&#8221;4.27.4&#8243; _module_preset=&#8221;default&#8221; background_color=&#8221;#034ea2&#8243; background_image=&#8221;https:\/\/impact4values.eu\/wp-content\/uploads\/2024\/11\/impact4values-stars-white-opacity-20.png&#8221; background_size=&#8221;custom&#8221; background_image_width=&#8221;25%&#8221; background_position=&#8221;center_right&#8221; background_horizontal_offset=&#8221;24%&#8221; custom_margin=&#8221;80px||50px||false|false&#8221; custom_padding=&#8221;50px|50px|50px|50px|true|false&#8221; border_width_all=&#8221;1px&#8221; border_color_all=&#8221;rgba(255,255,255,0.3)&#8221; border_color_top=&#8221;rgba(255,255,255,0.3)&#8221; global_colors_info=&#8221;{}&#8221;][et_pb_column type=&#8221;2_3&#8243; _builder_version=&#8221;4.25.0&#8243; _module_preset=&#8221;default&#8221; global_colors_info=&#8221;{}&#8221;][et_pb_text _builder_version=&#8221;4.27.4&#8243; _module_preset=&#8221;default&#8221; text_font=&#8221;Montserrat|700||on|||||&#8221; text_text_color=&#8221;#FFFFFF&#8221; text_font_size=&#8221;22px&#8221; header_font=&#8221;Montserrat|700||on|||||&#8221; header_font_size=&#8221;22px&#8221; global_colors_info=&#8221;{}&#8221;]<\/p>\n<p align=\"left\"><span style=\"font-family: Arial, serif;\">Istra\u017eite Virtualnu u\u010dionicu EU vrijednosti ve\u0107 danas i oja\u010dajte kapacitete te utjecaj svoje organizacije.<\/span><\/p>\n<p align=\"left\"><span style=\"font-family: Arial, serif;\"><\/span><span style=\"font-family: Arial, serif;\">Za pristup platformi registrirajte se ovdje.<\/span><\/p>\n<p>[\/et_pb_text][\/et_pb_column][et_pb_column type=&#8221;1_3&#8243; _builder_version=&#8221;4.25.0&#8243; _module_preset=&#8221;default&#8221; global_colors_info=&#8221;{}&#8221;][et_pb_button button_url=&#8221;https:\/\/cerv.moodlecloud.com\/login\/index.php&#8221; url_new_window=&#8221;on&#8221; button_text=&#8221;Moodle&#8221; button_alignment=&#8221;right&#8221; _builder_version=&#8221;4.27.4&#8243; _module_preset=&#8221;default&#8221; custom_button=&#8221;on&#8221; button_text_size=&#8221;22px&#8221; button_text_color=&#8221;#034ea2&#8243; button_bg_color=&#8221;#fff200&#8243; button_border_width=&#8221;1px&#8221; button_border_color=&#8221;#fff200&#8243; button_border_radius=&#8221;0px&#8221; button_letter_spacing=&#8221;2px&#8221; button_font=&#8221;Montserrat|700|||||||&#8221; button_icon=&#8221;&#x35;||divi||400&#8243; button_on_hover=&#8221;off&#8221; custom_padding=&#8221;75px||15px||false|false&#8221; global_colors_info=&#8221;{}&#8221; button_bg_color__hover_enabled=&#8221;on|hover&#8221; button_bg_color__hover=&#8221;#034ea2&#8243; button_bg_enable_color__hover=&#8221;on&#8221; button_border_width__hover_enabled=&#8221;on|hover&#8221; button_border_width__hover=&#8221;1px&#8221; button_text_color__hover_enabled=&#8221;on|desktop&#8221; button_text_color__hover=&#8221;#FFFFFF&#8221; button_border_radius__hover_enabled=&#8221;on|hover&#8221; button_border_radius__hover=&#8221;0px&#8221;][\/et_pb_button][\/et_pb_column][\/et_pb_row][et_pb_row column_structure=&#8221;2_3,1_3&#8243; use_custom_gutter=&#8221;on&#8221; gutter_width=&#8221;2&#8243; custom_padding_last_edited=&#8221;on|phone&#8221; disabled_on=&#8221;off|off|on&#8221; _builder_version=&#8221;4.27.4&#8243; _module_preset=&#8221;default&#8221; background_color=&#8221;#034ea2&#8243; background_image=&#8221;https:\/\/impact4values.eu\/wp-content\/uploads\/2024\/11\/impact4values-stars-white-opacity-20.png&#8221; background_size=&#8221;custom&#8221; background_image_width=&#8221;100%&#8221; background_position=&#8221;bottom_center&#8221; background_vertical_offset=&#8221;11%&#8221; custom_margin=&#8221;30px||||false|false&#8221; custom_padding=&#8221;50px|50px|50px|50px|true|false&#8221; custom_padding_tablet=&#8221;50px|50px|50px|50px|true|false&#8221; custom_padding_phone=&#8221;30px|30px|30px|30px|true|true&#8221; border_width_all=&#8221;1px&#8221; border_color_all=&#8221;rgba(255,255,255,0.3)&#8221; border_color_top=&#8221;rgba(255,255,255,0.3)&#8221; global_colors_info=&#8221;{}&#8221;][et_pb_column type=&#8221;2_3&#8243; _builder_version=&#8221;4.25.0&#8243; _module_preset=&#8221;default&#8221; global_colors_info=&#8221;{}&#8221;][et_pb_text _builder_version=&#8221;4.27.4&#8243; _module_preset=&#8221;default&#8221; text_font=&#8221;Montserrat|700||on|||||&#8221; text_text_color=&#8221;#FFFFFF&#8221; text_font_size=&#8221;24px&#8221; header_font=&#8221;Montserrat|700||on|||||&#8221; header_font_size=&#8221;22px&#8221; text_orientation=&#8221;justified&#8221; custom_margin_tablet=&#8221;&#8221; custom_margin_phone=&#8221;&#8221; custom_margin_last_edited=&#8221;on|phone&#8221; custom_padding=&#8221;||||false|false&#8221; text_font_size_tablet=&#8221;24px&#8221; text_font_size_phone=&#8221;20px&#8221; text_font_size_last_edited=&#8221;on|phone&#8221; global_colors_info=&#8221;{}&#8221;]<\/p>\n<p align=\"left\" style=\"text-align: center;\"><span style=\"font-family: Arial, serif;\">Istra\u017eite Virtualnu u\u010dionicu EU vrijednosti ve\u0107 danas i oja\u010dajte kapacitete te utjecaj svoje organizacije.<\/span><\/p>\n<p align=\"left\" style=\"text-align: center;\"><span style=\"font-family: Arial, serif;\"><\/span><span style=\"font-family: Arial, serif;\">Za pristup platformi registrirajte se ovdje.<\/span><\/p>\n<p>[\/et_pb_text][\/et_pb_column][et_pb_column type=&#8221;1_3&#8243; _builder_version=&#8221;4.25.0&#8243; _module_preset=&#8221;default&#8221; global_colors_info=&#8221;{}&#8221;][et_pb_button button_url=&#8221;https:\/\/cerv.moodlecloud.com\/login\/index.php&#8221; url_new_window=&#8221;on&#8221; button_text=&#8221;Moodle&#8221; button_alignment=&#8221;center&#8221; _builder_version=&#8221;4.27.4&#8243; _module_preset=&#8221;default&#8221; custom_button=&#8221;on&#8221; button_text_size=&#8221;22px&#8221; button_text_color=&#8221;#034ea2&#8243; button_bg_color=&#8221;#fff200&#8243; button_border_width=&#8221;1px&#8221; button_border_color=&#8221;#fff200&#8243; button_border_radius=&#8221;0px&#8221; button_letter_spacing=&#8221;2px&#8221; button_font=&#8221;Montserrat|700|||||||&#8221; button_icon=&#8221;&#x35;||divi||400&#8243; button_on_hover=&#8221;off&#8221; custom_padding=&#8221;75px||15px||false|false&#8221; global_colors_info=&#8221;{}&#8221; button_bg_color__hover_enabled=&#8221;on|hover&#8221; button_bg_color__hover=&#8221;#034ea2&#8243; button_bg_enable_color__hover=&#8221;on&#8221; button_border_width__hover_enabled=&#8221;on|hover&#8221; button_border_width__hover=&#8221;1px&#8221; button_text_color__hover_enabled=&#8221;on|desktop&#8221; button_text_color__hover=&#8221;#FFFFFF&#8221; button_border_radius__hover_enabled=&#8221;on|hover&#8221; button_border_radius__hover=&#8221;0px&#8221;][\/et_pb_button][\/et_pb_column][\/et_pb_row][\/et_pb_section]<\/p>\n","protected":false},"excerpt":{"rendered":"<p>1. OP\u0106E ODREDBE Vlasnik web stranice i domene \u00bbimpact4values.eu\u00ab (u nastavku: web stranica) je Zavod Center za informiranje, suradnju i razvoj nevladinih organizacija, Pov\u0161etova 37, 1000 Ljubljana; mati\u010dni broj: 1663364 (u nastavku: CNVOS). Kori\u0161tenje web stranice (pregledavanje, otvaranje poveznica, \u010ditanje sadr\u017eaja i sl.) te kori\u0161tenje alata dostupnih putem web stranice (npr. pregledavanje materijala, prijava na [&hellip;]<\/p>\n","protected":false},"author":1,"featured_media":0,"parent":0,"menu_order":0,"comment_status":"closed","ping_status":"closed","template":"","meta":{"_et_pb_use_builder":"on","_et_pb_old_content":"","_et_gb_content_width":"","footnotes":""},"class_list":["post-503","page","type-page","status-publish","hentry"],"_links":{"self":[{"href":"https:\/\/impact4values.eu\/hr\/wp-json\/wp\/v2\/pages\/503","targetHints":{"allow":["GET"]}}],"collection":[{"href":"https:\/\/impact4values.eu\/hr\/wp-json\/wp\/v2\/pages"}],"about":[{"href":"https:\/\/impact4values.eu\/hr\/wp-json\/wp\/v2\/types\/page"}],"author":[{"embeddable":true,"href":"https:\/\/impact4values.eu\/hr\/wp-json\/wp\/v2\/users\/1"}],"replies":[{"embeddable":true,"href":"https:\/\/impact4values.eu\/hr\/wp-json\/wp\/v2\/comments?post=503"}],"version-history":[{"count":17,"href":"https:\/\/impact4values.eu\/hr\/wp-json\/wp\/v2\/pages\/503\/revisions"}],"predecessor-version":[{"id":780,"href":"https:\/\/impact4values.eu\/hr\/wp-json\/wp\/v2\/pages\/503\/revisions\/780"}],"wp:attachment":[{"href":"https:\/\/impact4values.eu\/hr\/wp-json\/wp\/v2\/media?parent=503"}],"curies":[{"name":"wp","href":"https:\/\/api.w.org\/{rel}","templated":true}]}}