{"id":523,"date":"2025-04-02T09:31:48","date_gmt":"2025-04-02T07:31:48","guid":{"rendered":"https:\/\/dev06.amaroo.si\/politika-privatnosti\/"},"modified":"2025-05-30T12:23:52","modified_gmt":"2025-05-30T10:23:52","slug":"zastita-osobnih-podataka-i-koristenje-kolacica","status":"publish","type":"page","link":"https:\/\/impact4values.eu\/hr\/zastita-osobnih-podataka-i-koristenje-kolacica\/","title":{"rendered":"Informacije o za\u0161titi osobnih podataka i kori\u0161tenju kola\u010di\u0107a"},"content":{"rendered":"<p>[et_pb_section fb_built=&#8221;1&#8243; admin_label=&#8221;Work Experience&#8221; _builder_version=&#8221;4.27.4&#8243; _module_preset=&#8221;default&#8221; custom_margin=&#8221;0px||0px||false|false&#8221; custom_padding=&#8221;0px||0px||false|false&#8221; collapsed=&#8221;off&#8221; global_colors_info=&#8221;{}&#8221;][et_pb_row _builder_version=&#8221;4.27.4&#8243; _module_preset=&#8221;default&#8221; custom_margin=&#8221;0px||0px||true|false&#8221; custom_padding=&#8221;50px||||false|false&#8221; global_colors_info=&#8221;{}&#8221;][et_pb_column type=&#8221;4_4&#8243; _builder_version=&#8221;4.25.0&#8243; _module_preset=&#8221;default&#8221; global_colors_info=&#8221;{}&#8221;][et_pb_heading title=&#8221;Informacije o za\u0161titi osobnih podataka i kori\u0161tenju kola\u010di\u0107a&#8221; _builder_version=&#8221;4.27.4&#8243; _module_preset=&#8221;f1f4ac95-3bee-4d4f-a1f0-6a83854509dc&#8221; title_font=&#8221;Montserrat|600|||||||&#8221; title_font_size=&#8221;36px&#8221; title_letter_spacing=&#8221;0em&#8221; custom_margin=&#8221;0px||||false|false&#8221; title_font_size_phone=&#8221;24px&#8221; global_colors_info=&#8221;{}&#8221;][\/et_pb_heading][et_pb_text _builder_version=&#8221;4.27.4&#8243; _module_preset=&#8221;default&#8221; text_font=&#8221;Montserrat||||||||&#8221; text_text_color=&#8221;#333333&#8243; text_font_size=&#8221;18px&#8221; link_font=&#8221;Montserrat|600|||||||&#8221; link_text_color=&#8221;#034ea2&#8243; hover_enabled=&#8221;0&#8243; global_colors_info=&#8221;{}&#8221; sticky_enabled=&#8221;0&#8243;]<\/p>\n<h1>Za\u0161tita osobnih podataka<\/h1>\n<p>Voditelj obrade va\u0161ih osobnih podataka je Zavod Center za informiranje, sodelovanje in razvoj nevladnih organizacij, Pov\u0161etova 37, 1000 Ljubljana; mati\u010dni broj: 1663364.<\/p>\n<h3>Kako prikupljamo va\u0161e podatke?<\/h3>\n<p>Va\u0161e osobne podatke dobivamo kada nas kontaktirate putem elektroni\u010dke po\u0161te ili kada po\u0161aljete poruku putem kontakt obrasca na na\u0161oj web stranici. Prikupljamo samo podatke koje nam sami dostavite. <\/p>\n<h3>Koje va\u0161e podatke koristimo i u koju svrhu?<\/h3>\n<p>Va\u0161e <strong>kontaktne podatke<\/strong> (ime i prezime, elektroni\u010dka adresa, naziv organizacije) koristimo kako bismo vam mogli odgovoriti ili vas kontaktirati u vezi va\u0161eg upita. Pravna osnova je izvr\u0161enje ugovora, u \u0161irem smislu, jer jedino tako mo\u017eemo ispuniti va\u0161u \u017eelju za uspostavljanjem kontakta odnosno dobivanjem odgovora. <\/p>\n<p>Naziv <strong>dr\u017eave<\/strong> iz koje dolazite koristimo u svrhu statisti\u010dkog izvje\u0161tavanja broja korisnika prema financijeru izrade web stranice. Pravna osnova je na\u0161 legitimni interes, jer na taj na\u010din ispunjavamo uvjete financiranja (bilje\u017eimo samo naziv dr\u017eave). <\/p>\n<p><strong>Koliko dugo \u010duvamo va\u0161e osobne podatke?<\/strong><\/p>\n<p>Osobne podatke \u010duvamo onoliko dugo koliko je potrebno za ostvarenje svrhe u koju su prikupljeni.<\/p>\n<p>Va\u0161e kontaktne podatke \u010duvamo do zavr\u0161etka komunikacije i jo\u0161 5 godina, koliko traje rok za mogu\u0107e pravne zahtjeve. Budu\u0107i da je sufinanciranje ove stranice osigurano od strane <strong>Europske izvr\u0161ne agencije za obrazovanje i kulturu<\/strong> (EACEA), podatke \u0107emo \u010duvati najmanje do 31.12.2031.  12. 2031.<\/p>\n<p>U slu\u010daju legitimnog interesa podatke odmah anonimiziramo kada je to mogu\u0107e. Ako nije, bri\u0161emo ih \u010dim prestane pravna osnova za obradu. <\/p>\n<h3>Proslje\u0111ivanje osobnih podataka tre\u0107im stranama<\/h3>\n<p>S va\u0161im podacima postupamo s najve\u0107om pa\u017enjom. Va\u0161e osobne podatke obra\u0111uju na\u0161i zaposlenici, obvezani na povjerljivost i educirani za sigurno rukovanje podacima. U nekim slu\u010dajevima obradu u na\u0161e ime vr\u0161e na\u0161i vanjski suradnici s kojima imamo sklopljen odgovaraju\u0107i ugovor. Oni podatke nikada ne koriste za vlastite svrhe.   <\/p>\n<p>Podatke mo\u017eemo proslijediti EACEA, Rue Joseph II 59, Bruxelles, Belgija, koji nadzire provedbu projekta. Tako\u0111er, u okviru izvje\u0161tavanja, s njima se mogu upoznati i partneri: Slagalica \u2013 zaklada za razvoj lokalne zajednice, Trg Augusta \u0160enoe 1, Osijek i Solidarna \u2013 zaklada za ljudska prava i solidarnost, Trg kralja Petra Kre\u0161imira IV br. 2, Zagreb.  <\/p>\n<p><strong>Va\u0161e osobne podatke ne proslje\u0111ujemo tre\u0107im dr\u017eavama ili me\u0111unarodnim organizacijama.<\/strong><\/p>\n<h3>Va\u0161a prava u vezi s osobnim podacima<\/h3>\n<p>Imate pravo na pristup vlastitim podacima, njihov ispravak, brisanje, ograni\u010denje obrade i prijenos podataka, ako su ispunjeni uvjeti propisani zakonodavstvom.<\/p>\n<p>Ako mislite da na\u0161 legitimni interes ne prevladava nad va\u0161im, javite nam se na <a href=\"mailto:info@cnvos.si\">info@cnvos.si<\/a> ili <a href=\"tel:+38615421422\">+386 1 542 14 22<\/a> \u2013 va\u0161 \u0107emo slu\u010daj individualno razmotriti.<\/p>\n<p>Ako smatrate da su va\u0161i osobni podaci (npr. ime, adresa e-po\u0161te, fotografija) objavljeni na na\u0161oj web stranici i da za to ne postoji odgovaraju\u0107a osnova, molimo vas da nas obavijestite na <a href=\"mailto:info@cnvos.si\">info@cnvos.si<\/a> ili telefonom na <a href=\"tel:+38615421422\">01\/ 542 14 22<\/a> .<\/p>\n<p>Svaki pojedinac tako\u0111er ima pravo podnijeti pritu\u017ebu na obradu svojih osobnih podataka Povjereniku za informiranje, Dunajska cesta 22, 1000 Ljubljana, Slovenija (web stranica: <a href=\"http:\/\/www.ip-rs.si\" target=\"_blank\" rel=\"noopener\">www.ip-rs.si<\/a> ).<\/p>\n<h2>Kori\u0161tenje kola\u010di\u0107a<\/h2>\n<p>Stranica koristi dva kola\u010di\u0107a: jedan nu\u017eni (za tehni\u010dko funkcioniranje stranice) i jedan funkcionalni (za pobolj\u0161anje korisni\u010dkog iskustva). Oba se bri\u0161u kada zatvorite preglednik. Ne prikupljaju osobne podatke i ne omogu\u0107uju pra\u0107enje.  <\/p>\n<p><em><strong>1. SERVERID<\/strong><\/em><br \/>Voditelj: multimedia.europa.eu<br \/>Kola\u010di\u0107 je potreban za stabilan rad stranice i odr\u017eavanje veze s poslu\u017eiteljem.  <\/p>\n<p><em><strong>2. wp-wpml_current_language<\/strong><\/em><br \/>Voditelj: impact4values.eu<br \/>Ovaj funkcionalni kola\u010di\u0107 pamti jezik koji ste odabrali za prikaz sadr\u017eaja. Pohranjuje samo kod jezika (npr. \u201ehr\u201c). Koristi se isklju\u010divo uz va\u0161u suglasnost, ki ju mo\u017eete promijeniti putem preglednika.   <\/p>\n<p>[\/et_pb_text][\/et_pb_column][\/et_pb_row][et_pb_row column_structure=&#8221;2_3,1_3&#8243; use_custom_gutter=&#8221;on&#8221; gutter_width=&#8221;2&#8243; disabled_on=&#8221;on|on|off&#8221; _builder_version=&#8221;4.27.4&#8243; _module_preset=&#8221;default&#8221; background_color=&#8221;#034ea2&#8243; background_image=&#8221;https:\/\/impact4values.eu\/wp-content\/uploads\/2024\/11\/impact4values-stars-white-opacity-20.png&#8221; background_size=&#8221;custom&#8221; background_image_width=&#8221;25%&#8221; background_position=&#8221;center_right&#8221; background_horizontal_offset=&#8221;24%&#8221; custom_margin=&#8221;80px||50px||false|false&#8221; custom_padding=&#8221;50px|50px|50px|50px|true|false&#8221; border_width_all=&#8221;1px&#8221; border_color_all=&#8221;rgba(255,255,255,0.3)&#8221; border_color_top=&#8221;rgba(255,255,255,0.3)&#8221; global_colors_info=&#8221;{}&#8221;][et_pb_column type=&#8221;2_3&#8243; _builder_version=&#8221;4.25.0&#8243; _module_preset=&#8221;default&#8221; global_colors_info=&#8221;{}&#8221;][et_pb_text _builder_version=&#8221;4.27.4&#8243; _module_preset=&#8221;default&#8221; text_font=&#8221;Montserrat|700||on|||||&#8221; text_text_color=&#8221;#FFFFFF&#8221; text_font_size=&#8221;22px&#8221; header_font=&#8221;Montserrat|700||on|||||&#8221; header_font_size=&#8221;22px&#8221; global_colors_info=&#8221;{}&#8221;]<\/p>\n<p align=\"left\"><span style=\"font-family: Arial, serif;\">Istra\u017eite Virtualnu u\u010dionicu EU vrijednosti ve\u0107 danas i oja\u010dajte kapacitete te utjecaj svoje organizacije.<\/span><\/p>\n<p align=\"left\"><span style=\"font-family: Arial, serif;\"><\/span><span style=\"font-family: Arial, serif;\">Za pristup platformi registrirajte se ovdje.<\/span><\/p>\n<p>[\/et_pb_text][\/et_pb_column][et_pb_column type=&#8221;1_3&#8243; _builder_version=&#8221;4.25.0&#8243; _module_preset=&#8221;default&#8221; global_colors_info=&#8221;{}&#8221;][et_pb_button button_url=&#8221;https:\/\/cerv.moodlecloud.com\/login\/index.php&#8221; url_new_window=&#8221;on&#8221; button_text=&#8221;Moodle&#8221; button_alignment=&#8221;right&#8221; _builder_version=&#8221;4.27.4&#8243; _module_preset=&#8221;default&#8221; custom_button=&#8221;on&#8221; button_text_size=&#8221;22px&#8221; button_text_color=&#8221;#034ea2&#8243; button_bg_color=&#8221;#fff200&#8243; button_border_width=&#8221;1px&#8221; button_border_color=&#8221;#fff200&#8243; button_border_radius=&#8221;0px&#8221; button_letter_spacing=&#8221;2px&#8221; button_font=&#8221;Montserrat|700|||||||&#8221; button_icon=&#8221;&#x35;||divi||400&#8243; button_on_hover=&#8221;off&#8221; custom_padding=&#8221;75px||15px||false|false&#8221; global_colors_info=&#8221;{}&#8221; button_bg_color__hover_enabled=&#8221;on|hover&#8221; button_bg_color__hover=&#8221;#034ea2&#8243; button_bg_enable_color__hover=&#8221;on&#8221; button_border_width__hover_enabled=&#8221;on|hover&#8221; button_border_width__hover=&#8221;1px&#8221; button_text_color__hover_enabled=&#8221;on|desktop&#8221; button_text_color__hover=&#8221;#FFFFFF&#8221; button_border_radius__hover_enabled=&#8221;on|hover&#8221; button_border_radius__hover=&#8221;0px&#8221;][\/et_pb_button][\/et_pb_column][\/et_pb_row][et_pb_row column_structure=&#8221;2_3,1_3&#8243; use_custom_gutter=&#8221;on&#8221; gutter_width=&#8221;2&#8243; custom_padding_last_edited=&#8221;on|phone&#8221; disabled_on=&#8221;off|off|on&#8221; _builder_version=&#8221;4.27.4&#8243; _module_preset=&#8221;default&#8221; background_color=&#8221;#034ea2&#8243; background_image=&#8221;https:\/\/impact4values.eu\/wp-content\/uploads\/2024\/11\/impact4values-stars-white-opacity-20.png&#8221; background_size=&#8221;custom&#8221; background_image_width=&#8221;100%&#8221; background_position=&#8221;bottom_center&#8221; background_vertical_offset=&#8221;11%&#8221; custom_margin=&#8221;30px||||false|false&#8221; custom_padding=&#8221;50px|50px|50px|50px|true|false&#8221; custom_padding_tablet=&#8221;50px|50px|50px|50px|true|false&#8221; custom_padding_phone=&#8221;30px|30px|30px|30px|true|true&#8221; border_width_all=&#8221;1px&#8221; border_color_all=&#8221;rgba(255,255,255,0.3)&#8221; border_color_top=&#8221;rgba(255,255,255,0.3)&#8221; global_colors_info=&#8221;{}&#8221;][et_pb_column type=&#8221;2_3&#8243; _builder_version=&#8221;4.25.0&#8243; _module_preset=&#8221;default&#8221; global_colors_info=&#8221;{}&#8221;][et_pb_text _builder_version=&#8221;4.27.4&#8243; _module_preset=&#8221;default&#8221; text_font=&#8221;Montserrat|700||on|||||&#8221; text_text_color=&#8221;#FFFFFF&#8221; text_font_size=&#8221;24px&#8221; header_font=&#8221;Montserrat|700||on|||||&#8221; header_font_size=&#8221;22px&#8221; text_orientation=&#8221;justified&#8221; custom_margin_tablet=&#8221;&#8221; custom_margin_phone=&#8221;&#8221; custom_margin_last_edited=&#8221;on|phone&#8221; custom_padding=&#8221;||||false|false&#8221; text_font_size_tablet=&#8221;24px&#8221; text_font_size_phone=&#8221;20px&#8221; text_font_size_last_edited=&#8221;on|phone&#8221; global_colors_info=&#8221;{}&#8221;]<\/p>\n<p align=\"left\" style=\"text-align: center;\"><span style=\"font-family: Arial, serif;\">Istra\u017eite Virtualnu u\u010dionicu EU vrijednosti ve\u0107 danas i oja\u010dajte kapacitete te utjecaj svoje organizacije.<\/span><\/p>\n<p align=\"left\" style=\"text-align: center;\"><span style=\"font-family: Arial, serif;\"><\/span><span style=\"font-family: Arial, serif;\">Za pristup platformi registrirajte se ovdje.<\/span><\/p>\n<p>[\/et_pb_text][\/et_pb_column][et_pb_column type=&#8221;1_3&#8243; _builder_version=&#8221;4.25.0&#8243; _module_preset=&#8221;default&#8221; global_colors_info=&#8221;{}&#8221;][et_pb_button button_url=&#8221;https:\/\/cerv.moodlecloud.com\/login\/index.php&#8221; url_new_window=&#8221;on&#8221; button_text=&#8221;Moodle&#8221; button_alignment=&#8221;center&#8221; _builder_version=&#8221;4.27.4&#8243; _module_preset=&#8221;default&#8221; custom_button=&#8221;on&#8221; button_text_size=&#8221;22px&#8221; button_text_color=&#8221;#034ea2&#8243; button_bg_color=&#8221;#fff200&#8243; button_border_width=&#8221;1px&#8221; button_border_color=&#8221;#fff200&#8243; button_border_radius=&#8221;0px&#8221; button_letter_spacing=&#8221;2px&#8221; button_font=&#8221;Montserrat|700|||||||&#8221; button_icon=&#8221;&#x35;||divi||400&#8243; button_on_hover=&#8221;off&#8221; custom_padding=&#8221;75px||15px||false|false&#8221; global_colors_info=&#8221;{}&#8221; button_bg_color__hover_enabled=&#8221;on|hover&#8221; button_bg_color__hover=&#8221;#034ea2&#8243; button_bg_enable_color__hover=&#8221;on&#8221; button_border_width__hover_enabled=&#8221;on|hover&#8221; button_border_width__hover=&#8221;1px&#8221; button_text_color__hover_enabled=&#8221;on|desktop&#8221; button_text_color__hover=&#8221;#FFFFFF&#8221; button_border_radius__hover_enabled=&#8221;on|hover&#8221; button_border_radius__hover=&#8221;0px&#8221;][\/et_pb_button][\/et_pb_column][\/et_pb_row][\/et_pb_section]<\/p>\n","protected":false},"excerpt":{"rendered":"<p>Za\u0161tita osobnih podataka Voditelj obrade va\u0161ih osobnih podataka je Zavod Center za informiranje, sodelovanje in razvoj nevladnih organizacij, Pov\u0161etova 37, 1000 Ljubljana; mati\u010dni broj: 1663364. Kako prikupljamo va\u0161e podatke? Va\u0161e osobne podatke dobivamo kada nas kontaktirate putem elektroni\u010dke po\u0161te ili kada po\u0161aljete poruku putem kontakt obrasca na na\u0161oj web stranici. Prikupljamo samo podatke koje nam [&hellip;]<\/p>\n","protected":false},"author":1,"featured_media":0,"parent":0,"menu_order":0,"comment_status":"closed","ping_status":"closed","template":"","meta":{"_et_pb_use_builder":"on","_et_pb_old_content":"","_et_gb_content_width":"","footnotes":""},"class_list":["post-523","page","type-page","status-publish","hentry"],"_links":{"self":[{"href":"https:\/\/impact4values.eu\/hr\/wp-json\/wp\/v2\/pages\/523","targetHints":{"allow":["GET"]}}],"collection":[{"href":"https:\/\/impact4values.eu\/hr\/wp-json\/wp\/v2\/pages"}],"about":[{"href":"https:\/\/impact4values.eu\/hr\/wp-json\/wp\/v2\/types\/page"}],"author":[{"embeddable":true,"href":"https:\/\/impact4values.eu\/hr\/wp-json\/wp\/v2\/users\/1"}],"replies":[{"embeddable":true,"href":"https:\/\/impact4values.eu\/hr\/wp-json\/wp\/v2\/comments?post=523"}],"version-history":[{"count":11,"href":"https:\/\/impact4values.eu\/hr\/wp-json\/wp\/v2\/pages\/523\/revisions"}],"predecessor-version":[{"id":751,"href":"https:\/\/impact4values.eu\/hr\/wp-json\/wp\/v2\/pages\/523\/revisions\/751"}],"wp:attachment":[{"href":"https:\/\/impact4values.eu\/hr\/wp-json\/wp\/v2\/media?parent=523"}],"curies":[{"name":"wp","href":"https:\/\/api.w.org\/{rel}","templated":true}]}}